{"id":92,"date":"2018-11-24T10:16:52","date_gmt":"2018-11-24T10:16:52","guid":{"rendered":"http:\/\/www.gastrokrokodyl.cz\/?page_id=92"},"modified":"2019-01-02T09:27:33","modified_gmt":"2019-01-02T09:27:33","slug":"catering","status":"publish","type":"page","link":"https:\/\/www.gastrokrokodyl.cz\/?page_id=92","title":{"rendered":"Catering"},"content":{"rendered":"<h3 style=\"text-align: center;\">Nab\u00edz\u00edme poho\u0161t\u011bn\u00ed v podob\u011b chleb\u00ed\u010dk\u016f, jednohubek, sal\u00e1t\u016f, oblo\u017een\u00fdch m\u00eds, \u0159\u00edze\u010dk\u016f a mnoho dal\u0161\u00edho.<\/h3>\n<h3 style=\"text-align: center;\">Cena poho\u0161t\u011bn\u00ed z\u00e1vis\u00ed na mno\u017estv\u00ed j\u00eddla, vybran\u00fdch drink\u016f, n\u00e1poj\u016f pou\u017eit\u00e9ho n\u00e1dob\u00ed, a dopravy.<\/h3>\n\n\t\t<style type=\"text\/css\">\n\t\t\t#gallery-1 {\n\t\t\t\tmargin: auto;\n\t\t\t}\n\t\t\t#gallery-1 .gallery-item {\n\t\t\t\tfloat: left;\n\t\t\t\tmargin-top: 10px;\n\t\t\t\ttext-align: center;\n\t\t\t\twidth: 33%;\n\t\t\t}\n\t\t\t#gallery-1 img {\n\t\t\t\tborder: 2px solid #cfcfcf;\n\t\t\t}\n\t\t\t#gallery-1 .gallery-caption {\n\t\t\t\tmargin-left: 0;\n\t\t\t}\n\t\t\t\/* see gallery_shortcode() in wp-includes\/media.php *\/\n\t\t<\/style>\n\t\t<div id='gallery-1' class='gallery galleryid-92 gallery-columns-3 gallery-size-medium'><dl class='gallery-item'>\n\t\t\t<dt class='gallery-icon landscape'>\n\t\t\t\t<a href='https:\/\/www.gastrokrokodyl.cz\/?attachment_id=218#main'><img width=\"300\" height=\"200\" src=\"https:\/\/www.gastrokrokodyl.cz\/wp-content\/uploads\/2019\/01\/MG_8279-300x200.jpg\" class=\"attachment-medium size-medium\" alt=\"\" decoding=\"async\" aria-describedby=\"gallery-1-218\" loading=\"lazy\" srcset=\"https:\/\/www.gastrokrokodyl.cz\/wp-content\/uploads\/2019\/01\/MG_8279-300x200.jpg 300w, https:\/\/www.gastrokrokodyl.cz\/wp-content\/uploads\/2019\/01\/MG_8279-768x512.jpg 768w, https:\/\/www.gastrokrokodyl.cz\/wp-content\/uploads\/2019\/01\/MG_8279-1024x683.jpg 1024w, https:\/\/www.gastrokrokodyl.cz\/wp-content\/uploads\/2019\/01\/MG_8279-570x380.jpg 570w, https:\/\/www.gastrokrokodyl.cz\/wp-content\/uploads\/2019\/01\/MG_8279-380x254.jpg 380w, https:\/\/www.gastrokrokodyl.cz\/wp-content\/uploads\/2019\/01\/MG_8279-285x190.jpg 285w, https:\/\/www.gastrokrokodyl.cz\/wp-content\/uploads\/2019\/01\/MG_8279.jpg 1200w\" sizes=\"(max-width: 300px) 100vw, 300px\" \/><\/a>\n\t\t\t<\/dt>\n\t\t\t\t<dd class='wp-caption-text gallery-caption' id='gallery-1-218'>\n\t\t\t\tJednohubky mix \n\t\t\t\t<\/dd><\/dl><dl class='gallery-item'>\n\t\t\t<dt class='gallery-icon landscape'>\n\t\t\t\t<a href='https:\/\/www.gastrokrokodyl.cz\/?attachment_id=220#main'><img width=\"300\" height=\"200\" src=\"https:\/\/www.gastrokrokodyl.cz\/wp-content\/uploads\/2019\/01\/MG_8290-300x200.jpg\" class=\"attachment-medium size-medium\" alt=\"\" decoding=\"async\" aria-describedby=\"gallery-1-220\" loading=\"lazy\" srcset=\"https:\/\/www.gastrokrokodyl.cz\/wp-content\/uploads\/2019\/01\/MG_8290-300x200.jpg 300w, https:\/\/www.gastrokrokodyl.cz\/wp-content\/uploads\/2019\/01\/MG_8290-768x512.jpg 768w, https:\/\/www.gastrokrokodyl.cz\/wp-content\/uploads\/2019\/01\/MG_8290-1024x683.jpg 1024w, https:\/\/www.gastrokrokodyl.cz\/wp-content\/uploads\/2019\/01\/MG_8290-570x380.jpg 570w, https:\/\/www.gastrokrokodyl.cz\/wp-content\/uploads\/2019\/01\/MG_8290-380x254.jpg 380w, https:\/\/www.gastrokrokodyl.cz\/wp-content\/uploads\/2019\/01\/MG_8290-285x190.jpg 285w, https:\/\/www.gastrokrokodyl.cz\/wp-content\/uploads\/2019\/01\/MG_8290.jpg 1200w\" sizes=\"(max-width: 300px) 100vw, 300px\" \/><\/a>\n\t\t\t<\/dt>\n\t\t\t\t<dd class='wp-caption-text gallery-caption' id='gallery-1-220'>\n\t\t\t\tS\u00fdrov\u00e1 m\u00edsa \n\t\t\t\t<\/dd><\/dl><dl class='gallery-item'>\n\t\t\t<dt class='gallery-icon landscape'>\n\t\t\t\t<a href='https:\/\/www.gastrokrokodyl.cz\/?attachment_id=221#main'><img width=\"300\" height=\"200\" src=\"https:\/\/www.gastrokrokodyl.cz\/wp-content\/uploads\/2019\/01\/MG_8297-300x200.jpg\" class=\"attachment-medium size-medium\" alt=\"\" decoding=\"async\" aria-describedby=\"gallery-1-221\" loading=\"lazy\" srcset=\"https:\/\/www.gastrokrokodyl.cz\/wp-content\/uploads\/2019\/01\/MG_8297-300x200.jpg 300w, https:\/\/www.gastrokrokodyl.cz\/wp-content\/uploads\/2019\/01\/MG_8297-768x512.jpg 768w, https:\/\/www.gastrokrokodyl.cz\/wp-content\/uploads\/2019\/01\/MG_8297-1024x683.jpg 1024w, https:\/\/www.gastrokrokodyl.cz\/wp-content\/uploads\/2019\/01\/MG_8297-570x380.jpg 570w, https:\/\/www.gastrokrokodyl.cz\/wp-content\/uploads\/2019\/01\/MG_8297-380x254.jpg 380w, https:\/\/www.gastrokrokodyl.cz\/wp-content\/uploads\/2019\/01\/MG_8297-285x190.jpg 285w, https:\/\/www.gastrokrokodyl.cz\/wp-content\/uploads\/2019\/01\/MG_8297.jpg 1200w\" sizes=\"(max-width: 300px) 100vw, 300px\" \/><\/a>\n\t\t\t<\/dt>\n\t\t\t\t<dd class='wp-caption-text gallery-caption' id='gallery-1-221'>\n\t\t\t\tRoastbeefov\u00e1 m\u00edsa \n\t\t\t\t<\/dd><\/dl><br style=\"clear: both\" \/><dl class='gallery-item'>\n\t\t\t<dt class='gallery-icon landscape'>\n\t\t\t\t<a href='https:\/\/www.gastrokrokodyl.cz\/?attachment_id=222#main'><img width=\"300\" height=\"154\" src=\"https:\/\/www.gastrokrokodyl.cz\/wp-content\/uploads\/2019\/01\/MG_8299-300x154.jpg\" class=\"attachment-medium size-medium\" alt=\"\" decoding=\"async\" aria-describedby=\"gallery-1-222\" loading=\"lazy\" srcset=\"https:\/\/www.gastrokrokodyl.cz\/wp-content\/uploads\/2019\/01\/MG_8299-300x154.jpg 300w, https:\/\/www.gastrokrokodyl.cz\/wp-content\/uploads\/2019\/01\/MG_8299-768x395.jpg 768w, https:\/\/www.gastrokrokodyl.cz\/wp-content\/uploads\/2019\/01\/MG_8299-1024x527.jpg 1024w, https:\/\/www.gastrokrokodyl.cz\/wp-content\/uploads\/2019\/01\/MG_8299.jpg 1200w\" sizes=\"(max-width: 300px) 100vw, 300px\" \/><\/a>\n\t\t\t<\/dt>\n\t\t\t\t<dd class='wp-caption-text gallery-caption' id='gallery-1-222'>\n\t\t\t\tS\u00fdrov\u00e1 m\u00edsa \n\t\t\t\t<\/dd><\/dl><dl class='gallery-item'>\n\t\t\t<dt class='gallery-icon landscape'>\n\t\t\t\t<a href='https:\/\/www.gastrokrokodyl.cz\/?attachment_id=223#main'><img width=\"300\" height=\"200\" src=\"https:\/\/www.gastrokrokodyl.cz\/wp-content\/uploads\/2019\/01\/MG_8305-300x200.jpg\" class=\"attachment-medium size-medium\" alt=\"\" decoding=\"async\" aria-describedby=\"gallery-1-223\" loading=\"lazy\" srcset=\"https:\/\/www.gastrokrokodyl.cz\/wp-content\/uploads\/2019\/01\/MG_8305-300x200.jpg 300w, https:\/\/www.gastrokrokodyl.cz\/wp-content\/uploads\/2019\/01\/MG_8305-768x512.jpg 768w, https:\/\/www.gastrokrokodyl.cz\/wp-content\/uploads\/2019\/01\/MG_8305-1024x683.jpg 1024w, https:\/\/www.gastrokrokodyl.cz\/wp-content\/uploads\/2019\/01\/MG_8305-570x380.jpg 570w, https:\/\/www.gastrokrokodyl.cz\/wp-content\/uploads\/2019\/01\/MG_8305-380x254.jpg 380w, https:\/\/www.gastrokrokodyl.cz\/wp-content\/uploads\/2019\/01\/MG_8305-285x190.jpg 285w, https:\/\/www.gastrokrokodyl.cz\/wp-content\/uploads\/2019\/01\/MG_8305.jpg 1200w\" sizes=\"(max-width: 300px) 100vw, 300px\" \/><\/a>\n\t\t\t<\/dt>\n\t\t\t\t<dd class='wp-caption-text gallery-caption' id='gallery-1-223'>\n\t\t\t\tColeslaw sal\u00e1t \n\t\t\t\t<\/dd><\/dl><dl class='gallery-item'>\n\t\t\t<dt class='gallery-icon landscape'>\n\t\t\t\t<a href='https:\/\/www.gastrokrokodyl.cz\/?attachment_id=224#main'><img width=\"300\" height=\"200\" src=\"https:\/\/www.gastrokrokodyl.cz\/wp-content\/uploads\/2019\/01\/MG_8308-300x200.jpg\" class=\"attachment-medium size-medium\" alt=\"\" decoding=\"async\" aria-describedby=\"gallery-1-224\" loading=\"lazy\" srcset=\"https:\/\/www.gastrokrokodyl.cz\/wp-content\/uploads\/2019\/01\/MG_8308-300x200.jpg 300w, https:\/\/www.gastrokrokodyl.cz\/wp-content\/uploads\/2019\/01\/MG_8308-768x512.jpg 768w, https:\/\/www.gastrokrokodyl.cz\/wp-content\/uploads\/2019\/01\/MG_8308-1024x683.jpg 1024w, https:\/\/www.gastrokrokodyl.cz\/wp-content\/uploads\/2019\/01\/MG_8308-570x380.jpg 570w, https:\/\/www.gastrokrokodyl.cz\/wp-content\/uploads\/2019\/01\/MG_8308-380x254.jpg 380w, https:\/\/www.gastrokrokodyl.cz\/wp-content\/uploads\/2019\/01\/MG_8308-285x190.jpg 285w, https:\/\/www.gastrokrokodyl.cz\/wp-content\/uploads\/2019\/01\/MG_8308.jpg 1200w\" sizes=\"(max-width: 300px) 100vw, 300px\" \/><\/a>\n\t\t\t<\/dt>\n\t\t\t\t<dd class='wp-caption-text gallery-caption' id='gallery-1-224'>\n\t\t\t\tDom\u00e1c\u00ed bramborov\u00fd sal\u00e1t \n\t\t\t\t<\/dd><\/dl><br style=\"clear: both\" \/><dl class='gallery-item'>\n\t\t\t<dt class='gallery-icon landscape'>\n\t\t\t\t<a href='https:\/\/www.gastrokrokodyl.cz\/?attachment_id=225#main'><img width=\"300\" height=\"200\" src=\"https:\/\/www.gastrokrokodyl.cz\/wp-content\/uploads\/2019\/01\/MG_8310-300x200.jpg\" class=\"attachment-medium size-medium\" alt=\"\" decoding=\"async\" aria-describedby=\"gallery-1-225\" loading=\"lazy\" srcset=\"https:\/\/www.gastrokrokodyl.cz\/wp-content\/uploads\/2019\/01\/MG_8310-300x200.jpg 300w, https:\/\/www.gastrokrokodyl.cz\/wp-content\/uploads\/2019\/01\/MG_8310-768x512.jpg 768w, https:\/\/www.gastrokrokodyl.cz\/wp-content\/uploads\/2019\/01\/MG_8310-1024x683.jpg 1024w, https:\/\/www.gastrokrokodyl.cz\/wp-content\/uploads\/2019\/01\/MG_8310-570x380.jpg 570w, https:\/\/www.gastrokrokodyl.cz\/wp-content\/uploads\/2019\/01\/MG_8310-380x254.jpg 380w, https:\/\/www.gastrokrokodyl.cz\/wp-content\/uploads\/2019\/01\/MG_8310-285x190.jpg 285w, https:\/\/www.gastrokrokodyl.cz\/wp-content\/uploads\/2019\/01\/MG_8310.jpg 1200w\" sizes=\"(max-width: 300px) 100vw, 300px\" \/><\/a>\n\t\t\t<\/dt>\n\t\t\t\t<dd class='wp-caption-text gallery-caption' id='gallery-1-225'>\n\t\t\t\tMini z\u00e1kusky \n\t\t\t\t<\/dd><\/dl><dl class='gallery-item'>\n\t\t\t<dt class='gallery-icon landscape'>\n\t\t\t\t<a href='https:\/\/www.gastrokrokodyl.cz\/?attachment_id=226#main'><img width=\"300\" height=\"114\" src=\"https:\/\/www.gastrokrokodyl.cz\/wp-content\/uploads\/2019\/01\/MG_8319-300x114.jpg\" class=\"attachment-medium size-medium\" alt=\"\" decoding=\"async\" aria-describedby=\"gallery-1-226\" loading=\"lazy\" srcset=\"https:\/\/www.gastrokrokodyl.cz\/wp-content\/uploads\/2019\/01\/MG_8319-300x114.jpg 300w, https:\/\/www.gastrokrokodyl.cz\/wp-content\/uploads\/2019\/01\/MG_8319-768x292.jpg 768w, https:\/\/www.gastrokrokodyl.cz\/wp-content\/uploads\/2019\/01\/MG_8319-1024x390.jpg 1024w, https:\/\/www.gastrokrokodyl.cz\/wp-content\/uploads\/2019\/01\/MG_8319.jpg 1200w\" sizes=\"(max-width: 300px) 100vw, 300px\" \/><\/a>\n\t\t\t<\/dt>\n\t\t\t\t<dd class='wp-caption-text gallery-caption' id='gallery-1-226'>\n\t\t\t\tOvocn\u00e9 m\u00edsy \n\t\t\t\t<\/dd><\/dl><dl class='gallery-item'>\n\t\t\t<dt class='gallery-icon landscape'>\n\t\t\t\t<a href='https:\/\/www.gastrokrokodyl.cz\/?attachment_id=227#main'><img width=\"300\" height=\"200\" src=\"https:\/\/www.gastrokrokodyl.cz\/wp-content\/uploads\/2019\/01\/MG_8325-300x200.jpg\" class=\"attachment-medium size-medium\" alt=\"\" decoding=\"async\" aria-describedby=\"gallery-1-227\" loading=\"lazy\" srcset=\"https:\/\/www.gastrokrokodyl.cz\/wp-content\/uploads\/2019\/01\/MG_8325-300x200.jpg 300w, https:\/\/www.gastrokrokodyl.cz\/wp-content\/uploads\/2019\/01\/MG_8325-768x512.jpg 768w, https:\/\/www.gastrokrokodyl.cz\/wp-content\/uploads\/2019\/01\/MG_8325-1024x683.jpg 1024w, https:\/\/www.gastrokrokodyl.cz\/wp-content\/uploads\/2019\/01\/MG_8325-570x380.jpg 570w, https:\/\/www.gastrokrokodyl.cz\/wp-content\/uploads\/2019\/01\/MG_8325-380x254.jpg 380w, https:\/\/www.gastrokrokodyl.cz\/wp-content\/uploads\/2019\/01\/MG_8325-285x190.jpg 285w, https:\/\/www.gastrokrokodyl.cz\/wp-content\/uploads\/2019\/01\/MG_8325.jpg 1200w\" sizes=\"(max-width: 300px) 100vw, 300px\" \/><\/a>\n\t\t\t<\/dt>\n\t\t\t\t<dd class='wp-caption-text gallery-caption' id='gallery-1-227'>\n\t\t\t\tMini \u0159\u00edze\u010dky ku\u0159ec\u00ed\/vep\u0159ov\u00e9\n\t\t\t\t<\/dd><\/dl><br style=\"clear: both\" \/><dl class='gallery-item'>\n\t\t\t<dt class='gallery-icon landscape'>\n\t\t\t\t<a href='https:\/\/www.gastrokrokodyl.cz\/?attachment_id=228#main'><img width=\"300\" height=\"200\" src=\"https:\/\/www.gastrokrokodyl.cz\/wp-content\/uploads\/2019\/01\/MG_8331-300x200.jpg\" class=\"attachment-medium size-medium\" alt=\"\" decoding=\"async\" loading=\"lazy\" srcset=\"https:\/\/www.gastrokrokodyl.cz\/wp-content\/uploads\/2019\/01\/MG_8331-300x200.jpg 300w, https:\/\/www.gastrokrokodyl.cz\/wp-content\/uploads\/2019\/01\/MG_8331-768x512.jpg 768w, https:\/\/www.gastrokrokodyl.cz\/wp-content\/uploads\/2019\/01\/MG_8331-1024x683.jpg 1024w, https:\/\/www.gastrokrokodyl.cz\/wp-content\/uploads\/2019\/01\/MG_8331-570x380.jpg 570w, https:\/\/www.gastrokrokodyl.cz\/wp-content\/uploads\/2019\/01\/MG_8331-380x254.jpg 380w, https:\/\/www.gastrokrokodyl.cz\/wp-content\/uploads\/2019\/01\/MG_8331-285x190.jpg 285w\" sizes=\"(max-width: 300px) 100vw, 300px\" \/><\/a>\n\t\t\t<\/dt><\/dl><dl class='gallery-item'>\n\t\t\t<dt class='gallery-icon landscape'>\n\t\t\t\t<a href='https:\/\/www.gastrokrokodyl.cz\/?attachment_id=229#main'><img width=\"300\" height=\"200\" src=\"https:\/\/www.gastrokrokodyl.cz\/wp-content\/uploads\/2019\/01\/MG_8335-300x200.jpg\" class=\"attachment-medium size-medium\" alt=\"\" decoding=\"async\" loading=\"lazy\" srcset=\"https:\/\/www.gastrokrokodyl.cz\/wp-content\/uploads\/2019\/01\/MG_8335-300x200.jpg 300w, https:\/\/www.gastrokrokodyl.cz\/wp-content\/uploads\/2019\/01\/MG_8335-768x512.jpg 768w, https:\/\/www.gastrokrokodyl.cz\/wp-content\/uploads\/2019\/01\/MG_8335-1024x683.jpg 1024w, https:\/\/www.gastrokrokodyl.cz\/wp-content\/uploads\/2019\/01\/MG_8335-570x380.jpg 570w, https:\/\/www.gastrokrokodyl.cz\/wp-content\/uploads\/2019\/01\/MG_8335-380x254.jpg 380w, https:\/\/www.gastrokrokodyl.cz\/wp-content\/uploads\/2019\/01\/MG_8335-285x190.jpg 285w\" sizes=\"(max-width: 300px) 100vw, 300px\" \/><\/a>\n\t\t\t<\/dt><\/dl><dl class='gallery-item'>\n\t\t\t<dt class='gallery-icon landscape'>\n\t\t\t\t<a href='https:\/\/www.gastrokrokodyl.cz\/?attachment_id=230#main'><img width=\"300\" height=\"200\" src=\"https:\/\/www.gastrokrokodyl.cz\/wp-content\/uploads\/2019\/01\/MG_8344-300x200.jpg\" class=\"attachment-medium size-medium\" alt=\"\" decoding=\"async\" loading=\"lazy\" srcset=\"https:\/\/www.gastrokrokodyl.cz\/wp-content\/uploads\/2019\/01\/MG_8344-300x200.jpg 300w, https:\/\/www.gastrokrokodyl.cz\/wp-content\/uploads\/2019\/01\/MG_8344-768x512.jpg 768w, https:\/\/www.gastrokrokodyl.cz\/wp-content\/uploads\/2019\/01\/MG_8344-1024x683.jpg 1024w, https:\/\/www.gastrokrokodyl.cz\/wp-content\/uploads\/2019\/01\/MG_8344-570x380.jpg 570w, https:\/\/www.gastrokrokodyl.cz\/wp-content\/uploads\/2019\/01\/MG_8344-380x254.jpg 380w, https:\/\/www.gastrokrokodyl.cz\/wp-content\/uploads\/2019\/01\/MG_8344-285x190.jpg 285w\" sizes=\"(max-width: 300px) 100vw, 300px\" \/><\/a>\n\t\t\t<\/dt><\/dl><br style=\"clear: both\" \/>\n\t\t<\/div>\n\n","protected":false},"excerpt":{"rendered":"<p>Nab\u00edz\u00edme poho\u0161t\u011bn\u00ed v podob\u011b chleb\u00ed\u010dk\u016f, jednohubek, sal\u00e1t\u016f, oblo\u017een\u00fdch m\u00eds, \u0159\u00edze\u010dk\u016f a mnoho dal\u0161\u00edho. Cena poho\u0161t\u011bn\u00ed z\u00e1vis\u00ed na mno\u017estv\u00ed j\u00eddla, vybran\u00fdch drink\u016f, n\u00e1poj\u016f pou\u017eit\u00e9ho n\u00e1dob\u00ed, a dopravy.<\/p>\n","protected":false},"author":1,"featured_media":0,"parent":0,"menu_order":0,"comment_status":"closed","ping_status":"closed","template":"","meta":{"footnotes":""},"_links":{"self":[{"href":"https:\/\/www.gastrokrokodyl.cz\/index.php?rest_route=\/wp\/v2\/pages\/92"}],"collection":[{"href":"https:\/\/www.gastrokrokodyl.cz\/index.php?rest_route=\/wp\/v2\/pages"}],"about":[{"href":"https:\/\/www.gastrokrokodyl.cz\/index.php?rest_route=\/wp\/v2\/types\/page"}],"author":[{"embeddable":true,"href":"https:\/\/www.gastrokrokodyl.cz\/index.php?rest_route=\/wp\/v2\/users\/1"}],"replies":[{"embeddable":true,"href":"https:\/\/www.gastrokrokodyl.cz\/index.php?rest_route=%2Fwp%2Fv2%2Fcomments&post=92"}],"version-history":[{"count":8,"href":"https:\/\/www.gastrokrokodyl.cz\/index.php?rest_route=\/wp\/v2\/pages\/92\/revisions"}],"predecessor-version":[{"id":233,"href":"https:\/\/www.gastrokrokodyl.cz\/index.php?rest_route=\/wp\/v2\/pages\/92\/revisions\/233"}],"wp:attachment":[{"href":"https:\/\/www.gastrokrokodyl.cz\/index.php?rest_route=%2Fwp%2Fv2%2Fmedia&parent=92"}],"curies":[{"name":"wp","href":"https:\/\/api.w.org\/{rel}","templated":true}]}}