{"id":81,"date":"2018-11-20T15:43:13","date_gmt":"2018-11-20T15:43:13","guid":{"rendered":"http:\/\/www.gastrokrokodyl.cz\/?page_id=81"},"modified":"2019-07-28T18:31:02","modified_gmt":"2019-07-28T18:31:02","slug":"rozvoz-jidel","status":"publish","type":"page","link":"https:\/\/www.gastrokrokodyl.cz\/?page_id=81","title":{"rendered":"Rozvoz j\u00eddel"},"content":{"rendered":"<h2 style=\"text-align: center;\">J\u00eddla rozv\u00e1\u017e\u00edme pro v\u0161echny, kte\u0159\u00ed si r\u00e1di pochutnaj\u00ed na dobr\u00e9m j\u00eddle, pro lidi v\u00a0kancel\u00e1\u0159\u00edch a ve v\u00fdrob\u011b.<\/h2>\n<h2 style=\"text-align: center;\">Rozv\u00e1\u017e\u00edme j\u00eddla v okol\u00ed 6 kilometr\u016f od s\u00eddla spole\u010dnosti.<\/h2>\n<h4 style=\"text-align: center;\">J\u00eddlo je mo\u017en\u00e9 objednat do 9:00 hodin v den rozvozu.<\/h4>\n<h4 style=\"text-align: center;\">Objedn\u00e1vky p\u0159ij\u00edm\u00e1me od 3 kus\u016f v\u00fd\u0161e na \u010d\u00edsle 725 457 357.<\/h4>\n<h4 style=\"text-align: center;\">Ob\u011bdov\u00e9 menu voz\u00edme v zava\u0159en\u00fdch gastronomick\u00fdch krabi\u010dk\u00e1ch.<\/h4>\n<h4 style=\"text-align: center;\">Cena obalu se p\u0159ipo\u010d\u00edt\u00e1v\u00e1 k cen\u011b objednan\u00e9ho j\u00eddla.<\/h4>\n<h3 style=\"text-align: center;\">P\u0159ij\u00edm\u00e1me platbu pouze hotov\u011b a stravenkami.<\/h3>\n\n\n<p><\/p>\n","protected":false},"excerpt":{"rendered":"<p>J\u00eddla rozv\u00e1\u017e\u00edme pro v\u0161echny, kte\u0159\u00ed si r\u00e1di pochutnaj\u00ed na dobr\u00e9m j\u00eddle, pro lidi v\u00a0kancel\u00e1\u0159\u00edch a ve v\u00fdrob\u011b. Rozv\u00e1\u017e\u00edme j\u00eddla v okol\u00ed 6 kilometr\u016f od s\u00eddla spole\u010dnosti. J\u00eddlo je mo\u017en\u00e9 objednat do 9:00 hodin v den rozvozu. Objedn\u00e1vky p\u0159ij\u00edm\u00e1me od 3 kus\u016f v\u00fd\u0161e na \u010d\u00edsle 725 457 357. Ob\u011bdov\u00e9 menu voz\u00edme v zava\u0159en\u00fdch gastronomick\u00fdch krabi\u010dk\u00e1ch. Cena<span class=\"post-excerpt-end\">&hellip;<\/span><\/p>\n<p class=\"more-link\"><a href=\"https:\/\/www.gastrokrokodyl.cz\/?page_id=81\" class=\"themebutton\">Read More<\/a><\/p>\n","protected":false},"author":1,"featured_media":0,"parent":0,"menu_order":0,"comment_status":"closed","ping_status":"closed","template":"","meta":{"footnotes":""},"_links":{"self":[{"href":"https:\/\/www.gastrokrokodyl.cz\/index.php?rest_route=\/wp\/v2\/pages\/81"}],"collection":[{"href":"https:\/\/www.gastrokrokodyl.cz\/index.php?rest_route=\/wp\/v2\/pages"}],"about":[{"href":"https:\/\/www.gastrokrokodyl.cz\/index.php?rest_route=\/wp\/v2\/types\/page"}],"author":[{"embeddable":true,"href":"https:\/\/www.gastrokrokodyl.cz\/index.php?rest_route=\/wp\/v2\/users\/1"}],"replies":[{"embeddable":true,"href":"https:\/\/www.gastrokrokodyl.cz\/index.php?rest_route=%2Fwp%2Fv2%2Fcomments&post=81"}],"version-history":[{"count":13,"href":"https:\/\/www.gastrokrokodyl.cz\/index.php?rest_route=\/wp\/v2\/pages\/81\/revisions"}],"predecessor-version":[{"id":420,"href":"https:\/\/www.gastrokrokodyl.cz\/index.php?rest_route=\/wp\/v2\/pages\/81\/revisions\/420"}],"wp:attachment":[{"href":"https:\/\/www.gastrokrokodyl.cz\/index.php?rest_route=%2Fwp%2Fv2%2Fmedia&parent=81"}],"curies":[{"name":"wp","href":"https:\/\/api.w.org\/{rel}","templated":true}]}}