{"id":77,"date":"2018-11-20T15:40:42","date_gmt":"2018-11-20T15:40:42","guid":{"rendered":"http:\/\/www.gastrokrokodyl.cz\/?page_id=77"},"modified":"2018-11-25T20:33:31","modified_gmt":"2018-11-25T20:33:31","slug":"uvod","status":"publish","type":"page","link":"https:\/\/www.gastrokrokodyl.cz\/?page_id=77","title":{"rendered":"\u00davod"},"content":{"rendered":"<h2 style=\"text-align: center;\">Jsme tu pro v\u0161echny, kte\u0159\u00ed si r\u00e1di pochutnaj\u00ed na dobr\u00e9m j\u00eddle.<\/h2>\n<h2 style=\"text-align: center;\">Va\u0159\u00edme z vybran\u00fdch a kvalitn\u00edch surovin, to v\u0161e pro pot\u011b\u0161en\u00ed z\u00e1kazn\u00edka.<\/h2>\n<h2 style=\"text-align: center;\">Tepl\u00e9 pokrmy rozv\u00e1\u017e\u00edme od 3 j\u00eddel v\u00fd\u0161e v okol\u00ed 6 kilometr\u016f od s\u00eddla spole\u010dnosti.<\/h2>\n<h2 style=\"text-align: center;\">Zaji\u0161\u0165ujeme catering pro firmy, oslavy, v\u00fdro\u010d\u00ed a sportovn\u00ed ud\u00e1losti.<\/h2>\n<h2 style=\"text-align: center;\">Rodinn\u00e1 firma Gastro Krokod\u00fdl je tu pro V\u00e1s.<\/h2>\n","protected":false},"excerpt":{"rendered":"<p>Jsme tu pro v\u0161echny, kte\u0159\u00ed si r\u00e1di pochutnaj\u00ed na dobr\u00e9m j\u00eddle. Va\u0159\u00edme z vybran\u00fdch a kvalitn\u00edch surovin, to v\u0161e pro pot\u011b\u0161en\u00ed z\u00e1kazn\u00edka. Tepl\u00e9 pokrmy rozv\u00e1\u017e\u00edme od 3 j\u00eddel v\u00fd\u0161e v okol\u00ed 6 kilometr\u016f od s\u00eddla spole\u010dnosti. Zaji\u0161\u0165ujeme catering pro firmy, oslavy, v\u00fdro\u010d\u00ed a sportovn\u00ed ud\u00e1losti. Rodinn\u00e1 firma Gastro Krokod\u00fdl je tu pro V\u00e1s.<\/p>\n","protected":false},"author":1,"featured_media":0,"parent":0,"menu_order":0,"comment_status":"closed","ping_status":"closed","template":"","meta":{"footnotes":""},"_links":{"self":[{"href":"https:\/\/www.gastrokrokodyl.cz\/index.php?rest_route=\/wp\/v2\/pages\/77"}],"collection":[{"href":"https:\/\/www.gastrokrokodyl.cz\/index.php?rest_route=\/wp\/v2\/pages"}],"about":[{"href":"https:\/\/www.gastrokrokodyl.cz\/index.php?rest_route=\/wp\/v2\/types\/page"}],"author":[{"embeddable":true,"href":"https:\/\/www.gastrokrokodyl.cz\/index.php?rest_route=\/wp\/v2\/users\/1"}],"replies":[{"embeddable":true,"href":"https:\/\/www.gastrokrokodyl.cz\/index.php?rest_route=%2Fwp%2Fv2%2Fcomments&post=77"}],"version-history":[{"count":4,"href":"https:\/\/www.gastrokrokodyl.cz\/index.php?rest_route=\/wp\/v2\/pages\/77\/revisions"}],"predecessor-version":[{"id":170,"href":"https:\/\/www.gastrokrokodyl.cz\/index.php?rest_route=\/wp\/v2\/pages\/77\/revisions\/170"}],"wp:attachment":[{"href":"https:\/\/www.gastrokrokodyl.cz\/index.php?rest_route=%2Fwp%2Fv2%2Fmedia&parent=77"}],"curies":[{"name":"wp","href":"https:\/\/api.w.org\/{rel}","templated":true}]}}