{"id":74,"date":"2018-11-20T15:28:09","date_gmt":"2018-11-20T15:28:09","guid":{"rendered":"http:\/\/www.gastrokrokodyl.cz\/?page_id=74"},"modified":"2019-01-02T10:31:23","modified_gmt":"2019-01-02T10:31:23","slug":"fotogalerie","status":"publish","type":"page","link":"https:\/\/www.gastrokrokodyl.cz\/?page_id=74","title":{"rendered":"Fotogalerie"},"content":{"rendered":"\n<p><\/p>\n\n\n\n<div class=\"wp-block-image\"><figure class=\"aligncenter is-resized\"><img decoding=\"async\" loading=\"lazy\" src=\"http:\/\/www.gastrokrokodyl.cz\/wp-content\/uploads\/2019\/01\/MG_8279-1-1024x683.jpg\" alt=\"\" class=\"wp-image-236\" width=\"516\" height=\"344\" srcset=\"https:\/\/www.gastrokrokodyl.cz\/wp-content\/uploads\/2019\/01\/MG_8279-1-1024x683.jpg 1024w, https:\/\/www.gastrokrokodyl.cz\/wp-content\/uploads\/2019\/01\/MG_8279-1-300x200.jpg 300w, https:\/\/www.gastrokrokodyl.cz\/wp-content\/uploads\/2019\/01\/MG_8279-1-768x512.jpg 768w, https:\/\/www.gastrokrokodyl.cz\/wp-content\/uploads\/2019\/01\/MG_8279-1-570x380.jpg 570w, https:\/\/www.gastrokrokodyl.cz\/wp-content\/uploads\/2019\/01\/MG_8279-1-380x254.jpg 380w, https:\/\/www.gastrokrokodyl.cz\/wp-content\/uploads\/2019\/01\/MG_8279-1-285x190.jpg 285w, https:\/\/www.gastrokrokodyl.cz\/wp-content\/uploads\/2019\/01\/MG_8279-1.jpg 1200w\" sizes=\"(max-width: 516px) 100vw, 516px\" \/><figcaption><strong>Jednohubky mix <\/strong><\/figcaption><\/figure><\/div>\n\n\n\n<div class=\"wp-block-image\"><figure class=\"aligncenter is-resized\"><img decoding=\"async\" loading=\"lazy\" src=\"http:\/\/www.gastrokrokodyl.cz\/wp-content\/uploads\/2019\/01\/MG_8297-1024x683.jpg\" alt=\"\" class=\"wp-image-221\" width=\"517\" height=\"344\" srcset=\"https:\/\/www.gastrokrokodyl.cz\/wp-content\/uploads\/2019\/01\/MG_8297-1024x683.jpg 1024w, https:\/\/www.gastrokrokodyl.cz\/wp-content\/uploads\/2019\/01\/MG_8297-300x200.jpg 300w, https:\/\/www.gastrokrokodyl.cz\/wp-content\/uploads\/2019\/01\/MG_8297-768x512.jpg 768w, https:\/\/www.gastrokrokodyl.cz\/wp-content\/uploads\/2019\/01\/MG_8297-570x380.jpg 570w, https:\/\/www.gastrokrokodyl.cz\/wp-content\/uploads\/2019\/01\/MG_8297-380x254.jpg 380w, https:\/\/www.gastrokrokodyl.cz\/wp-content\/uploads\/2019\/01\/MG_8297-285x190.jpg 285w, https:\/\/www.gastrokrokodyl.cz\/wp-content\/uploads\/2019\/01\/MG_8297.jpg 1200w\" sizes=\"(max-width: 517px) 100vw, 517px\" \/><figcaption><strong>Roastbeefov\u00e1 m\u00edsa <\/strong><\/figcaption><\/figure><\/div>\n\n\n\n<div class=\"wp-block-image\"><figure class=\"aligncenter is-resized\"><img decoding=\"async\" loading=\"lazy\" src=\"http:\/\/www.gastrokrokodyl.cz\/wp-content\/uploads\/2019\/01\/MG_8299-1024x527.jpg\" alt=\"\" class=\"wp-image-222\" width=\"519\" height=\"266\" srcset=\"https:\/\/www.gastrokrokodyl.cz\/wp-content\/uploads\/2019\/01\/MG_8299-1024x527.jpg 1024w, https:\/\/www.gastrokrokodyl.cz\/wp-content\/uploads\/2019\/01\/MG_8299-300x154.jpg 300w, https:\/\/www.gastrokrokodyl.cz\/wp-content\/uploads\/2019\/01\/MG_8299-768x395.jpg 768w, https:\/\/www.gastrokrokodyl.cz\/wp-content\/uploads\/2019\/01\/MG_8299.jpg 1200w\" sizes=\"(max-width: 519px) 100vw, 519px\" \/><figcaption>S\u00fdrov\u00e1 m\u00edsa <\/figcaption><\/figure><\/div>\n\n\n\n<div class=\"wp-block-image\"><figure class=\"aligncenter is-resized\"><img decoding=\"async\" loading=\"lazy\" src=\"http:\/\/www.gastrokrokodyl.cz\/wp-content\/uploads\/2019\/01\/MG_8305-1024x683.jpg\" alt=\"\" class=\"wp-image-223\" width=\"522\" height=\"348\" srcset=\"https:\/\/www.gastrokrokodyl.cz\/wp-content\/uploads\/2019\/01\/MG_8305-1024x683.jpg 1024w, https:\/\/www.gastrokrokodyl.cz\/wp-content\/uploads\/2019\/01\/MG_8305-300x200.jpg 300w, https:\/\/www.gastrokrokodyl.cz\/wp-content\/uploads\/2019\/01\/MG_8305-768x512.jpg 768w, https:\/\/www.gastrokrokodyl.cz\/wp-content\/uploads\/2019\/01\/MG_8305-570x380.jpg 570w, https:\/\/www.gastrokrokodyl.cz\/wp-content\/uploads\/2019\/01\/MG_8305-380x254.jpg 380w, https:\/\/www.gastrokrokodyl.cz\/wp-content\/uploads\/2019\/01\/MG_8305-285x190.jpg 285w, https:\/\/www.gastrokrokodyl.cz\/wp-content\/uploads\/2019\/01\/MG_8305.jpg 1200w\" sizes=\"(max-width: 522px) 100vw, 522px\" \/><figcaption>Coleslaw sal\u00e1t <\/figcaption><\/figure><\/div>\n\n\n\n<div class=\"wp-block-image\"><figure class=\"aligncenter is-resized\"><img decoding=\"async\" loading=\"lazy\" src=\"http:\/\/www.gastrokrokodyl.cz\/wp-content\/uploads\/2019\/01\/MG_8308-1024x683.jpg\" alt=\"\" class=\"wp-image-224\" width=\"529\" height=\"353\" srcset=\"https:\/\/www.gastrokrokodyl.cz\/wp-content\/uploads\/2019\/01\/MG_8308-1024x683.jpg 1024w, https:\/\/www.gastrokrokodyl.cz\/wp-content\/uploads\/2019\/01\/MG_8308-300x200.jpg 300w, https:\/\/www.gastrokrokodyl.cz\/wp-content\/uploads\/2019\/01\/MG_8308-768x512.jpg 768w, https:\/\/www.gastrokrokodyl.cz\/wp-content\/uploads\/2019\/01\/MG_8308-570x380.jpg 570w, https:\/\/www.gastrokrokodyl.cz\/wp-content\/uploads\/2019\/01\/MG_8308-380x254.jpg 380w, https:\/\/www.gastrokrokodyl.cz\/wp-content\/uploads\/2019\/01\/MG_8308-285x190.jpg 285w, https:\/\/www.gastrokrokodyl.cz\/wp-content\/uploads\/2019\/01\/MG_8308.jpg 1200w\" sizes=\"(max-width: 529px) 100vw, 529px\" \/><figcaption>Dom\u00e1c\u00ed bramborov\u00fd sal\u00e1t <\/figcaption><\/figure><\/div>\n\n\n\n<div class=\"wp-block-image\"><figure class=\"aligncenter is-resized\"><img decoding=\"async\" loading=\"lazy\" src=\"http:\/\/www.gastrokrokodyl.cz\/wp-content\/uploads\/2019\/01\/MG_8325-1024x683.jpg\" alt=\"\" class=\"wp-image-227\" width=\"536\" height=\"356\" srcset=\"https:\/\/www.gastrokrokodyl.cz\/wp-content\/uploads\/2019\/01\/MG_8325-300x200.jpg 300w, https:\/\/www.gastrokrokodyl.cz\/wp-content\/uploads\/2019\/01\/MG_8325-768x512.jpg 768w, https:\/\/www.gastrokrokodyl.cz\/wp-content\/uploads\/2019\/01\/MG_8325-570x380.jpg 570w, https:\/\/www.gastrokrokodyl.cz\/wp-content\/uploads\/2019\/01\/MG_8325-285x190.jpg 285w, https:\/\/www.gastrokrokodyl.cz\/wp-content\/uploads\/2019\/01\/MG_8325.jpg 1200w\" sizes=\"(max-width: 536px) 100vw, 536px\" \/><figcaption>Mini \u0159\u00edze\u010dky ku\u0159ec\u00ed\/vep\u0159ov\u00e9<\/figcaption><\/figure><\/div>\n\n\n\n<div class=\"wp-block-image\"><figure class=\"aligncenter is-resized\"><img decoding=\"async\" loading=\"lazy\" src=\"http:\/\/www.gastrokrokodyl.cz\/wp-content\/uploads\/2019\/01\/MG_8319-1024x390.jpg\" alt=\"\" class=\"wp-image-226\" width=\"539\" height=\"205\" srcset=\"https:\/\/www.gastrokrokodyl.cz\/wp-content\/uploads\/2019\/01\/MG_8319-1024x390.jpg 1024w, https:\/\/www.gastrokrokodyl.cz\/wp-content\/uploads\/2019\/01\/MG_8319-300x114.jpg 300w, https:\/\/www.gastrokrokodyl.cz\/wp-content\/uploads\/2019\/01\/MG_8319-768x292.jpg 768w, https:\/\/www.gastrokrokodyl.cz\/wp-content\/uploads\/2019\/01\/MG_8319.jpg 1200w\" sizes=\"(max-width: 539px) 100vw, 539px\" \/><figcaption>Ovocn\u00e9 m\u00edsy <\/figcaption><\/figure><\/div>\n\n\n\n<div class=\"wp-block-image\"><figure class=\"aligncenter is-resized\"><img decoding=\"async\" loading=\"lazy\" src=\"http:\/\/www.gastrokrokodyl.cz\/wp-content\/uploads\/2019\/01\/MG_8310-1024x683.jpg\" alt=\"\" class=\"wp-image-225\" width=\"542\" height=\"360\" srcset=\"https:\/\/www.gastrokrokodyl.cz\/wp-content\/uploads\/2019\/01\/MG_8310-300x200.jpg 300w, https:\/\/www.gastrokrokodyl.cz\/wp-content\/uploads\/2019\/01\/MG_8310-768x512.jpg 768w, https:\/\/www.gastrokrokodyl.cz\/wp-content\/uploads\/2019\/01\/MG_8310-570x380.jpg 570w, https:\/\/www.gastrokrokodyl.cz\/wp-content\/uploads\/2019\/01\/MG_8310-285x190.jpg 285w, https:\/\/www.gastrokrokodyl.cz\/wp-content\/uploads\/2019\/01\/MG_8310.jpg 1200w\" sizes=\"(max-width: 542px) 100vw, 542px\" \/><figcaption>Mini z\u00e1kusky <\/figcaption><\/figure><\/div>\n\n\n\n<div class=\"wp-block-image\"><figure class=\"aligncenter is-resized\"><img decoding=\"async\" loading=\"lazy\" src=\"http:\/\/www.gastrokrokodyl.cz\/wp-content\/uploads\/2019\/01\/MG_8335-1024x683.jpg\" alt=\"\" class=\"wp-image-229\" width=\"544\" height=\"362\" srcset=\"https:\/\/www.gastrokrokodyl.cz\/wp-content\/uploads\/2019\/01\/MG_8335-1024x683.jpg 1024w, https:\/\/www.gastrokrokodyl.cz\/wp-content\/uploads\/2019\/01\/MG_8335-300x200.jpg 300w, https:\/\/www.gastrokrokodyl.cz\/wp-content\/uploads\/2019\/01\/MG_8335-768x512.jpg 768w, https:\/\/www.gastrokrokodyl.cz\/wp-content\/uploads\/2019\/01\/MG_8335-570x380.jpg 570w, https:\/\/www.gastrokrokodyl.cz\/wp-content\/uploads\/2019\/01\/MG_8335-380x254.jpg 380w, https:\/\/www.gastrokrokodyl.cz\/wp-content\/uploads\/2019\/01\/MG_8335-285x190.jpg 285w\" sizes=\"(max-width: 544px) 100vw, 544px\" \/><\/figure><\/div>\n","protected":false},"excerpt":{"rendered":"","protected":false},"author":1,"featured_media":236,"parent":34,"menu_order":0,"comment_status":"closed","ping_status":"closed","template":"","meta":{"footnotes":""},"_links":{"self":[{"href":"https:\/\/www.gastrokrokodyl.cz\/index.php?rest_route=\/wp\/v2\/pages\/74"}],"collection":[{"href":"https:\/\/www.gastrokrokodyl.cz\/index.php?rest_route=\/wp\/v2\/pages"}],"about":[{"href":"https:\/\/www.gastrokrokodyl.cz\/index.php?rest_route=\/wp\/v2\/types\/page"}],"author":[{"embeddable":true,"href":"https:\/\/www.gastrokrokodyl.cz\/index.php?rest_route=\/wp\/v2\/users\/1"}],"replies":[{"embeddable":true,"href":"https:\/\/www.gastrokrokodyl.cz\/index.php?rest_route=%2Fwp%2Fv2%2Fcomments&post=74"}],"version-history":[{"count":15,"href":"https:\/\/www.gastrokrokodyl.cz\/index.php?rest_route=\/wp\/v2\/pages\/74\/revisions"}],"predecessor-version":[{"id":245,"href":"https:\/\/www.gastrokrokodyl.cz\/index.php?rest_route=\/wp\/v2\/pages\/74\/revisions\/245"}],"up":[{"embeddable":true,"href":"https:\/\/www.gastrokrokodyl.cz\/index.php?rest_route=\/wp\/v2\/pages\/34"}],"wp:featuredmedia":[{"embeddable":true,"href":"https:\/\/www.gastrokrokodyl.cz\/index.php?rest_route=\/wp\/v2\/media\/236"}],"wp:attachment":[{"href":"https:\/\/www.gastrokrokodyl.cz\/index.php?rest_route=%2Fwp%2Fv2%2Fmedia&parent=74"}],"curies":[{"name":"wp","href":"https:\/\/api.w.org\/{rel}","templated":true}]}}