{"id":38,"date":"2018-11-15T15:33:23","date_gmt":"2018-11-15T15:33:23","guid":{"rendered":"http:\/\/www.gastrokrokodyl.cz\/?page_id=38"},"modified":"2018-11-25T19:13:06","modified_gmt":"2018-11-25T19:13:06","slug":"o-nas","status":"publish","type":"page","link":"https:\/\/www.gastrokrokodyl.cz\/?page_id=38","title":{"rendered":"O N\u00e1s"},"content":{"rendered":"<h2 style=\"text-align: center;\">Star\u00e1me se o\u00a0to, abyste jedli rychle, chutn\u011b a\u00a0kvalitn\u011b.<\/h2>\n<h2 style=\"text-align: center;\">Rozv\u00e1\u017e\u00edme j\u00eddla tam, kde nen\u00ed mo\u017en\u00e9 va\u0159it.<\/h2>\n<h2 style=\"text-align: center;\">Voz\u00edme pokrmy do kancel\u00e1\u0159\u00ed i\u00a0dom\u00e1cnost\u00ed.<\/h2>\n","protected":false},"excerpt":{"rendered":"<p>Star\u00e1me se o\u00a0to, abyste jedli rychle, chutn\u011b a\u00a0kvalitn\u011b. Rozv\u00e1\u017e\u00edme j\u00eddla tam, kde nen\u00ed mo\u017en\u00e9 va\u0159it. Voz\u00edme pokrmy do kancel\u00e1\u0159\u00ed i\u00a0dom\u00e1cnost\u00ed.<\/p>\n","protected":false},"author":1,"featured_media":0,"parent":0,"menu_order":0,"comment_status":"closed","ping_status":"closed","template":"","meta":{"footnotes":""},"_links":{"self":[{"href":"https:\/\/www.gastrokrokodyl.cz\/index.php?rest_route=\/wp\/v2\/pages\/38"}],"collection":[{"href":"https:\/\/www.gastrokrokodyl.cz\/index.php?rest_route=\/wp\/v2\/pages"}],"about":[{"href":"https:\/\/www.gastrokrokodyl.cz\/index.php?rest_route=\/wp\/v2\/types\/page"}],"author":[{"embeddable":true,"href":"https:\/\/www.gastrokrokodyl.cz\/index.php?rest_route=\/wp\/v2\/users\/1"}],"replies":[{"embeddable":true,"href":"https:\/\/www.gastrokrokodyl.cz\/index.php?rest_route=%2Fwp%2Fv2%2Fcomments&post=38"}],"version-history":[{"count":5,"href":"https:\/\/www.gastrokrokodyl.cz\/index.php?rest_route=\/wp\/v2\/pages\/38\/revisions"}],"predecessor-version":[{"id":166,"href":"https:\/\/www.gastrokrokodyl.cz\/index.php?rest_route=\/wp\/v2\/pages\/38\/revisions\/166"}],"wp:attachment":[{"href":"https:\/\/www.gastrokrokodyl.cz\/index.php?rest_route=%2Fwp%2Fv2%2Fmedia&parent=38"}],"curies":[{"name":"wp","href":"https:\/\/api.w.org\/{rel}","templated":true}]}}