{"id":34,"date":"2018-11-15T15:32:33","date_gmt":"2018-11-15T15:32:33","guid":{"rendered":"http:\/\/www.gastrokrokodyl.cz\/?page_id=34"},"modified":"2019-07-28T18:30:09","modified_gmt":"2019-07-28T18:30:09","slug":"kontakt","status":"publish","type":"page","link":"https:\/\/www.gastrokrokodyl.cz\/","title":{"rendered":"Kontakt"},"content":{"rendered":"<h1 style=\"text-align: center;\">Ozv\u011bte se n\u00e1m<\/h1>\n<h3 style=\"text-align: center;\">R\u00e1di v\u00e1m odpov\u00edme na va\u0161e ot\u00e1zky a s radost\u00ed vy\u0159\u00edd\u00edme va\u0161e objedn\u00e1vky.<\/h3>\n<h1 style=\"text-align: center;\">S\u00eddlo spole\u010dnosti:<\/h1>\n<h2 style=\"text-align: center;\">V are\u00e1lu Besnet centrum<\/h2>\n<h2 style=\"text-align: center;\">Gastro Krokod\u00fdl, s.r.o. Novodvorsk\u00e1 994\/138, Praha 4<\/h2>\n<h3 style=\"text-align: center;\">Martin \u0160imon\u00edk +420 725 457 357<\/h3>\n<h3 style=\"text-align: center;\">Monika \u0160imon\u00edkov\u00e1 +420 606 823 698 (objedn\u00e1vky chleb\u00ed\u010dk\u016f, jednohubek)<\/h3>\n<h3 style=\"text-align: center;\">P\u00edsemn\u00e9 objedn\u00e1vky pi\u0161te na e-mail<\/h3>\n<h3 style=\"text-align: center;\"><a href=\"mailto:gastrokrokodyl@seznam.cz\">gastrokrokodyl@seznam.cz<\/a><\/h3>\n","protected":false},"excerpt":{"rendered":"<p>Ozv\u011bte se n\u00e1m R\u00e1di v\u00e1m odpov\u00edme na va\u0161e ot\u00e1zky a s radost\u00ed vy\u0159\u00edd\u00edme va\u0161e objedn\u00e1vky. S\u00eddlo spole\u010dnosti: V are\u00e1lu Besnet centrum Gastro Krokod\u00fdl, s.r.o. Novodvorsk\u00e1 994\/138, Praha 4 Martin \u0160imon\u00edk +420 725 457 357 Monika \u0160imon\u00edkov\u00e1 +420 606 823 698 (objedn\u00e1vky chleb\u00ed\u010dk\u016f, jednohubek) P\u00edsemn\u00e9 objedn\u00e1vky pi\u0161te na e-mail gastrokrokodyl@seznam.cz<\/p>\n","protected":false},"author":1,"featured_media":0,"parent":0,"menu_order":0,"comment_status":"closed","ping_status":"closed","template":"","meta":{"footnotes":""},"_links":{"self":[{"href":"https:\/\/www.gastrokrokodyl.cz\/index.php?rest_route=\/wp\/v2\/pages\/34"}],"collection":[{"href":"https:\/\/www.gastrokrokodyl.cz\/index.php?rest_route=\/wp\/v2\/pages"}],"about":[{"href":"https:\/\/www.gastrokrokodyl.cz\/index.php?rest_route=\/wp\/v2\/types\/page"}],"author":[{"embeddable":true,"href":"https:\/\/www.gastrokrokodyl.cz\/index.php?rest_route=\/wp\/v2\/users\/1"}],"replies":[{"embeddable":true,"href":"https:\/\/www.gastrokrokodyl.cz\/index.php?rest_route=%2Fwp%2Fv2%2Fcomments&post=34"}],"version-history":[{"count":11,"href":"https:\/\/www.gastrokrokodyl.cz\/index.php?rest_route=\/wp\/v2\/pages\/34\/revisions"}],"predecessor-version":[{"id":419,"href":"https:\/\/www.gastrokrokodyl.cz\/index.php?rest_route=\/wp\/v2\/pages\/34\/revisions\/419"}],"wp:attachment":[{"href":"https:\/\/www.gastrokrokodyl.cz\/index.php?rest_route=%2Fwp%2Fv2%2Fmedia&parent=34"}],"curies":[{"name":"wp","href":"https:\/\/api.w.org\/{rel}","templated":true}]}}