{"id":212,"date":"2019-01-02T09:01:52","date_gmt":"2019-01-02T09:01:52","guid":{"rendered":"http:\/\/www.gastrokrokodyl.cz\/?page_id=212"},"modified":"2026-04-24T15:59:26","modified_gmt":"2026-04-24T15:59:26","slug":"jidelni-listek","status":"publish","type":"page","link":"https:\/\/www.gastrokrokodyl.cz\/?page_id=212","title":{"rendered":"J\u00eddeln\u00ed l\u00edstek"},"content":{"rendered":"\n<figure class=\"wp-block-gallery has-nested-images columns-default is-cropped wp-block-gallery-1 is-layout-flex wp-block-gallery-is-layout-flex\">\n<figure class=\"wp-block-image size-large\"><img decoding=\"async\" loading=\"lazy\" width=\"1024\" height=\"724\" data-id=\"1805\" src=\"https:\/\/www.gastrokrokodyl.cz\/wp-content\/uploads\/2026\/04\/jidelnicek-od-27.-30.-4.-2026-1024x724.png\" alt=\"\" class=\"wp-image-1805\" srcset=\"https:\/\/www.gastrokrokodyl.cz\/wp-content\/uploads\/2026\/04\/jidelnicek-od-27.-30.-4.-2026-1024x724.png 1024w, https:\/\/www.gastrokrokodyl.cz\/wp-content\/uploads\/2026\/04\/jidelnicek-od-27.-30.-4.-2026-300x212.png 300w, https:\/\/www.gastrokrokodyl.cz\/wp-content\/uploads\/2026\/04\/jidelnicek-od-27.-30.-4.-2026-768x543.png 768w, https:\/\/www.gastrokrokodyl.cz\/wp-content\/uploads\/2026\/04\/jidelnicek-od-27.-30.-4.-2026-1536x1086.png 1536w, https:\/\/www.gastrokrokodyl.cz\/wp-content\/uploads\/2026\/04\/jidelnicek-od-27.-30.-4.-2026-2048x1448.png 2048w\" sizes=\"(max-width: 1024px) 100vw, 1024px\" \/><\/figure>\n<\/figure>\n","protected":false},"excerpt":{"rendered":"","protected":false},"author":1,"featured_media":0,"parent":0,"menu_order":0,"comment_status":"closed","ping_status":"closed","template":"","meta":{"footnotes":""},"_links":{"self":[{"href":"https:\/\/www.gastrokrokodyl.cz\/index.php?rest_route=\/wp\/v2\/pages\/212"}],"collection":[{"href":"https:\/\/www.gastrokrokodyl.cz\/index.php?rest_route=\/wp\/v2\/pages"}],"about":[{"href":"https:\/\/www.gastrokrokodyl.cz\/index.php?rest_route=\/wp\/v2\/types\/page"}],"author":[{"embeddable":true,"href":"https:\/\/www.gastrokrokodyl.cz\/index.php?rest_route=\/wp\/v2\/users\/1"}],"replies":[{"embeddable":true,"href":"https:\/\/www.gastrokrokodyl.cz\/index.php?rest_route=%2Fwp%2Fv2%2Fcomments&post=212"}],"version-history":[{"count":406,"href":"https:\/\/www.gastrokrokodyl.cz\/index.php?rest_route=\/wp\/v2\/pages\/212\/revisions"}],"predecessor-version":[{"id":1806,"href":"https:\/\/www.gastrokrokodyl.cz\/index.php?rest_route=\/wp\/v2\/pages\/212\/revisions\/1806"}],"wp:attachment":[{"href":"https:\/\/www.gastrokrokodyl.cz\/index.php?rest_route=%2Fwp%2Fv2%2Fmedia&parent=212"}],"curies":[{"name":"wp","href":"https:\/\/api.w.org\/{rel}","templated":true}]}}